{"id":10851,"date":"2025-07-07T10:29:44","date_gmt":"2025-07-07T10:29:44","guid":{"rendered":"https:\/\/dive.tech\/certificaciones\/"},"modified":"2026-02-25T15:31:55","modified_gmt":"2026-02-25T15:31:55","slug":"certificaciones","status":"publish","type":"page","link":"https:\/\/dive.tech\/es\/certificaciones\/","title":{"rendered":"Certificaciones"},"content":{"rendered":"\n<p>Nos complace anunciar que Dive ha obtenido recientemente <strong>la certificaci\u00f3n ISO 9001 del Sistema de Gesti\u00f3n de la Calidad<\/strong>, acreditada por ENAC. Este reconocimiento no s\u00f3lo valida nuestra capacidad para prestar servicios de primer nivel, sino que tambi\u00e9n refuerza nuestro compromiso con la mejora continua, la satisfacci\u00f3n del cliente y la transparencia de los procesos. <\/p>\n\n<div style=\"height:25px\" aria-hidden=\"true\" class=\"wp-block-spacer\"><\/div>\n\n<figure class=\"wp-block-image size-full\"><img fetchpriority=\"high\" decoding=\"async\" width=\"315\" height=\"336\" src=\"https:\/\/dive.tech\/wp-content\/uploads\/2025\/07\/9001-ENAC-Castellano_b.jpg\" alt=\"\" class=\"wp-image-10813\" srcset=\"https:\/\/dive.tech\/wp-content\/uploads\/2025\/07\/9001-ENAC-Castellano_b.jpg 315w, https:\/\/dive.tech\/wp-content\/uploads\/2025\/07\/9001-ENAC-Castellano_b-281x300.jpg 281w\" sizes=\"(max-width: 315px) 100vw, 315px\" \/><\/figure>\n\n<div style=\"height:40px\" aria-hidden=\"true\" class=\"wp-block-spacer\"><\/div>\n\n<h5 class=\"wp-block-heading\">\u00bfPor qu\u00e9 es esencial un Sistema de Gesti\u00f3n de la Calidad?<\/h5>\n\n<ol class=\"wp-block-list\">\n<li><strong>Orientaci\u00f3n al cliente:<\/strong> la norma ISO 9001 sit\u00faa en el centro las necesidades de quienes conf\u00edan en nosotros, garantizando que cada proyecto cumpla sus requisitos y supere sus expectativas.<br\/><\/li>\n\n\n\n<li><strong>Procesos estandarizados:<\/strong> Documentar y armonizar cada fase (desde la recopilaci\u00f3n de requisitos hasta la entrega final) reduce los errores, evita la duplicaci\u00f3n y acelera los tiempos de respuesta.<br\/><\/li>\n\n\n\n<li><strong>Cultura de Mejora Continua:<\/strong> La norma promueve el an\u00e1lisis de los indicadores clave de rendimiento (KPI), las auditor\u00edas internas y las acciones correctivas que impulsan la eficacia y fomentan la innovaci\u00f3n.<\/li>\n<\/ol>\n\n<div style=\"height:40px\" aria-hidden=\"true\" class=\"wp-block-spacer\"><\/div>\n\n<h4 class=\"wp-block-heading\">Dise\u00f1ar y aplicar nuevos protocolos internos<\/h4>\n\n<p>Para conseguir esta certificaci\u00f3n, Dive tiene:<\/p>\n\n<ul class=\"wp-block-list\">\n<li><strong>Mape\u00f3 todos los procesos cr\u00edticos<\/strong>, identificando riesgos y oportunidades de mejora.<br\/><\/li>\n\n\n\n<li><strong>Redise\u00f1\u00f3 y document\u00f3<\/strong> flujos de trabajo en \u00e1reas como la gesti\u00f3n de proyectos, la atenci\u00f3n al cliente y el control de calidad t\u00e9cnica.<br\/><\/li>\n\n\n\n<li><strong>Estableci\u00f3 m\u00e9tricas claras<\/strong> (tasa de retrabajo, tiempo de resoluci\u00f3n de incidencias, nivel de satisfacci\u00f3n del cliente) para supervisar el rendimiento.<br\/><\/li>\n\n\n\n<li><strong>Form\u00f3 a nuestro equipo<\/strong> en metodolog\u00edas de gesti\u00f3n (PDCA, an\u00e1lisis de causas ra\u00edz, auditor\u00eda interna) y concienciaci\u00f3n sobre la calidad.<\/li>\n<\/ul>\n\n<div style=\"height:40px\" aria-hidden=\"true\" class=\"wp-block-spacer\"><\/div>\n\n<h4 class=\"wp-block-heading\">Ventaja competitiva en licitaciones y asociaciones<\/h4>\n\n<p>Poseer un sistema ISO 9001 certifica a las administraciones p\u00fablicas y a las grandes empresas que:<\/p>\n\n<ul class=\"wp-block-list\">\n<li><strong>Tener procesos auditados y repetibles.<\/strong><br\/><\/li>\n\n\n\n<li><strong>Minimiza el riesgo<\/strong> de incumplimiento contractual.<br\/><\/li>\n\n\n\n<li><strong>Ofrecer total transparencia<\/strong> en toda nuestra cadena de valor.<\/li>\n<\/ul>\n\n<p>Este reconocimiento nos abre las puertas a licitaciones que exigen pruebas rigurosas de las pr\u00e1cticas de gesti\u00f3n y nos posiciona como socio de confianza para proyectos de gran impacto.<\/p>\n\n<div style=\"height:40px\" aria-hidden=\"true\" class=\"wp-block-spacer\"><\/div>\n\n<h4 class=\"wp-block-heading\">Pr\u00f3ximos pasos y compromiso futuro<\/h4>\n\n<p>La certificaci\u00f3n ISO 9001 no es un punto final, sino el punto de partida de un ciclo de mejora continua. En las pr\u00f3ximas semanas lo pondremos en pr\u00e1ctica: <\/p>\n\n<ul class=\"wp-block-list\">\n<li><strong>Revisiones trimestrales<\/strong> de nuestros indicadores de calidad.<br\/><\/li>\n\n\n\n<li><strong>Encuestas peri\u00f3dicas de satisfacci\u00f3n<\/strong> para captar opiniones en tiempo real.<br\/><\/li>\n\n\n\n<li><strong>Programas de formaci\u00f3n continua<\/strong> para reforzar nuestra cultura de excelencia.<br\/><\/li>\n<\/ul>\n\n<p>En Dive, creemos firmemente que un s\u00f3lido sistema de gesti\u00f3n de la calidad es la base de la confianza, la eficacia y la innovaci\u00f3n. Damos las gracias a todo el equipo por su dedicaci\u00f3n y a nuestros clientes por inspirarnos para superarnos cada d\u00eda. \u00a1Juntos, seguimos avanzando hacia la excelencia!  <\/p>\n\n<div style=\"height:25px\" aria-hidden=\"true\" class=\"wp-block-spacer\"><\/div>\n\n<hr class=\"wp-block-separator has-alpha-channel-opacity\"\/>\n\n<p class=\"has-small-font-size\"><\/p>\n\n<div style=\"height:40px\" aria-hidden=\"true\" class=\"wp-block-spacer\"><\/div>\n","protected":false},"excerpt":{"rendered":"<p>Nos complace anunciar que Dive ha obtenido recientemente la certificaci\u00f3n ISO 9001 del Sistema de Gesti\u00f3n de la Calidad, acreditada por ENAC. Este reconocimiento no s\u00f3lo valida nuestra capacidad para prestar servicios de primer nivel, sino que tambi\u00e9n refuerza nuestro compromiso con la mejora continua, la satisfacci\u00f3n del cliente y la transparencia de los procesos. [&hellip;]<\/p>\n","protected":false},"author":8,"featured_media":10852,"parent":0,"menu_order":0,"comment_status":"closed","ping_status":"closed","template":"","meta":{"_acf_changed":false,"inline_featured_image":false,"footnotes":""},"class_list":["post-10851","page","type-page","status-publish","has-post-thumbnail","hentry"],"acf":[],"_links":{"self":[{"href":"https:\/\/dive.tech\/es\/wp-json\/wp\/v2\/pages\/10851","targetHints":{"allow":["GET"]}}],"collection":[{"href":"https:\/\/dive.tech\/es\/wp-json\/wp\/v2\/pages"}],"about":[{"href":"https:\/\/dive.tech\/es\/wp-json\/wp\/v2\/types\/page"}],"author":[{"embeddable":true,"href":"https:\/\/dive.tech\/es\/wp-json\/wp\/v2\/users\/8"}],"replies":[{"embeddable":true,"href":"https:\/\/dive.tech\/es\/wp-json\/wp\/v2\/comments?post=10851"}],"version-history":[{"count":2,"href":"https:\/\/dive.tech\/es\/wp-json\/wp\/v2\/pages\/10851\/revisions"}],"predecessor-version":[{"id":10857,"href":"https:\/\/dive.tech\/es\/wp-json\/wp\/v2\/pages\/10851\/revisions\/10857"}],"wp:featuredmedia":[{"embeddable":true,"href":"https:\/\/dive.tech\/es\/wp-json\/wp\/v2\/media\/10852"}],"wp:attachment":[{"href":"https:\/\/dive.tech\/es\/wp-json\/wp\/v2\/media?parent=10851"}],"curies":[{"name":"wp","href":"https:\/\/api.w.org\/{rel}","templated":true}]}}