{"id":1313,"date":"2024-02-23T11:48:20","date_gmt":"2024-02-23T11:48:20","guid":{"rendered":"https:\/\/dive.tech\/?page_id=1313"},"modified":"2026-02-25T15:32:37","modified_gmt":"2026-02-25T15:32:37","slug":"politica-de-cookies","status":"publish","type":"page","link":"https:\/\/dive.tech\/es\/politica-de-cookies\/","title":{"rendered":"Pol\u00edtica de cookies"},"content":{"rendered":"\n<p><strong>Este sitio web utiliza cookies<\/strong><\/p>\n\n<p>En cumplimiento de la Ley 34\/2002, de 11 de julio, de Servicios de la Sociedad de la Informaci\u00f3n y Comercio Electr\u00f3nico le informamos de que <strong>este sitio Web de<\/strong> <strong>cangasaventura.com<\/strong> al igual que la mayor\u00eda de los sitios en Internet, <strong>usa Cookies con el objetivo de prestar un mejor servicio y proporcionarle una mejor experiencia de navegaci\u00f3n<\/strong>. <br\/>A continuaci\u00f3n encontrar\u00e1 informaci\u00f3n detallada sobre las cookies que utilizamos, detallando qu\u00e9 es una cookie, para qu\u00e9 sirve, qu\u00e9 tipos de cookies utilizamos, cu\u00e1l es su finalidad y c\u00f3mo puede deshabilitarlas si as\u00ed lo desea.<\/p>\n\n<p><\/p>\n\n<div id=\"contenedor-botones-aviso-cookies\"><\/div>\n<\/p>\n<p>TAGSONOMY, S.L. (en adelante, <b>DIVE<\/b>) utiliza dispositivos de almacenamiento y recuperaci\u00f3n de datos en la p\u00e1gina web <a href=\"https:\/\/dive.tech\/es\/\">www.dive.tech<\/a> (en adelante, el Sitio <b>Web<\/b>) con el prop\u00f3sito de almacenar datos que pueden ser actualizados y recuperados por la entidad responsable de su instalaci\u00f3n.<\/p>\n<p>Una cookie es un archivo que se descarga en el equipo del usuario (ordenador, dispositivo m\u00f3vil o tableta o dispositivo electr\u00f3nico) para acceder a ciertos contenidos por p\u00e1gina, medios electr\u00f3nicos y\/o aplicaciones. Las cookies permiten a una aplicaci\u00f3n o p\u00e1gina web, entre otras cosas, almacenar y recuperar informaci\u00f3n sobre los h\u00e1bitos de navegaci\u00f3n de los usuarios o de sus equipos y, dependiendo de la informaci\u00f3n contenida o de la manera en que los usuarios utilicen sus equipos, las cookies pueden utilizarse para reconocer al usuario.<\/p>\n<p>En todo caso, las cookies utilizadas por DIVE est\u00e1n solo y exclusivamente asociadas a un usuario an\u00f3nimo y su equipo y no proporcionan, por s\u00ed mismas, ning\u00fan dato personal del usuario y no pueden leer datos del disco duro.<\/p>\n<p>En su primera visita a nuestro Sitio Web, se le informa sobre la existencia de cookies y esta Pol\u00edtica de Cookies. En futuras visitas, puede consultar nuestra pol\u00edtica de vez en cuando en el pie de p\u00e1gina del Sitio Web \u00abPol\u00edtica de Cookies\u00bb. Al registrarse en el Sitio Web, si procede, y\/o simplemente navegar en \u00e9l, acepta la instalaci\u00f3n de las cookies de las que se le informa en esta Pol\u00edtica de Cookies (a menos que haya modificado la configuraci\u00f3n en su ordenador para rechazarlas).<\/p>\n<p>En el Sitio Web, DIVE utiliza los siguientes dispositivos de almacenamiento y recuperaci\u00f3n de datos en el equipo inform\u00e1tico del Usuario:<\/p>\n<ul>\n<li><b>Cookies de terceros<\/b>: Se env\u00edan al equipo terminal del Usuario desde un equipo o dominio que no es gestionado por el editor, sino por otra entidad que trata los datos obtenidos a trav\u00e9s de las cookies.<\/li>\n<li><b>Cookies persistentes<\/b>: Son un tipo de cookies en las que los datos permanecen almacenados en el terminal y pueden ser accedidos y tratados durante un per\u00edodo determinado por la entidad responsable de la cookie, que puede variar desde minutos hasta varios a\u00f1os.<\/li>\n<li><b>Cookies anal\u00edticas<\/b>: Cuantifican el n\u00famero de Usuarios y llevan a cabo la medici\u00f3n y an\u00e1lisis estad\u00edstico respecto a la actividad del Usuario. Estas cookies se utilizan en el Sitio Web para mejorar los servicios que ofrecemos. Estas cookies se utilizan en el Sitio Web para mejorar los servicios que ofrecemos.<\/li>\n<\/ul>\n<table>\n<tbody>\n<tr>\n<th>Nombre<\/th>\n<th>Nombre t\u00e9cnico<\/th>\n<th>Objetivo<\/th>\n<th>Informaci\u00f3n recopilada<\/th>\n<th>Permanencia<\/th>\n<th>Entidad (propia o de terceros)<\/th>\n<\/tr>\n<tr>\n<td>Google Analytics<\/td>\n<td>_ga<\/td>\n<td>Anal\u00edtica<\/td>\n<td>Identificaci\u00f3n de usuario<\/td>\n<td>Persistente (2 a\u00f1os)<\/td>\n<td>Google Analytics<\/td>\n<\/tr>\n<tr>\n<td>Google Analytics<\/td>\n<td>_gat<\/td>\n<td>Anal\u00edtica<\/td>\n<td>N\u00famero de conexiones<\/td>\n<td>Persistente (10 minutos)<\/td>\n<td>Google Analytics<\/td>\n<\/tr>\n<tr>\n<td>Cookies notice<\/td>\n<td> <\/td>\n<td> <\/td>\n<td> <\/td>\n<td> <\/td>\n<td> <\/td>\n<\/tr>\n<\/tbody>\n<\/table>\n<p>DIVE utiliza cookies de Google Analytics, cuya configuraci\u00f3n est\u00e1 predeterminada por el servicio ofrecido por la empresa Google, por lo que le sugerimos consultar la p\u00e1gina de privacidad de Google Analytics, haga <a href=\"https:\/\/www.google.es\/intl\/es_ALL\/analytics\/learn\/privacy.html\" target=\"_blank\" rel=\"noopener noreferrer\">clic aqu\u00ed <\/a>para obtener m\u00e1s informaci\u00f3n sobre las cookies utilizadas y c\u00f3mo desactivarlas. (entendiendo que no somos responsables del contenido o veracidad de los sitios web de terceros).<\/p>\n<p>Las cookies no son necesarias para la prestaci\u00f3n de los servicios que ofrecemos, por lo que solo se instalar\u00e1n si el Usuario acepta su uso. A trav\u00e9s de sus navegadores, los Usuarios pueden crear sus propios par\u00e1metros de privacidad, libremente y de vez en cuando, en lo que respecta a la instalaci\u00f3n de dispositivos de almacenamiento y recuperaci\u00f3n de datos. Estos procedimientos est\u00e1n sujetos a actualizaci\u00f3n o modificaci\u00f3n por parte de los desarrolladores de los diferentes navegadores, por lo que no podemos garantizar que cumplan plenamente con la \u00faltima versi\u00f3n disponible en cada momento.<\/p>\n<p>Los Usuarios que decidan desactivar todas las cookies probablemente experimentar\u00e1n una reducci\u00f3n en la calidad y velocidad de su servicio o incluso podr\u00edan perder el acceso a algunos de los servicios ofrecidos en el Sitio Web:<\/p>\n<p>Para m\u00e1s informaci\u00f3n sobre la configuraci\u00f3n de cookies en Internet Explorer haga <a href=\"https:\/\/support.microsoft.com\/es-es\/help\/17442\/windows-internet-explorer-delete-manage-cookies\" target=\"_blank\" rel=\"noopener\">clic aqu\u00ed<\/a>.<\/p>\n<p>Para m\u00e1s informaci\u00f3n sobre la configuraci\u00f3n de cookies en Google Chrome haga <a href=\"https:\/\/support.google.com\/chrome\/answer\/95647?co=GENIE.Platform\" target=\"_blank\" rel=\"noopener noreferrer\">clic aqu\u00ed<\/a>.<\/p>\n<p>Para m\u00e1s informaci\u00f3n sobre la configuraci\u00f3n de cookies en Firefox haga <a href=\"https:\/\/support.mozilla.org\/es\/kb\/habilitar-y-deshabilitar-cookies-sitios-web-rastrear-preferencias\" target=\"_blank\" rel=\"noopener noreferrer\">clic aqu\u00ed.<\/a><\/p>\n<p>Para m\u00e1s informaci\u00f3n sobre la configuraci\u00f3n de cookies en Safari haga <a href=\"https:\/\/support.apple.com\/es-es\/HT201265\" target=\"_blank\" rel=\"noopener noreferrer\">clic aqu\u00ed<\/a>.<\/p>\n<p>Para m\u00e1s informaci\u00f3n sobre la configuraci\u00f3n de cookies en Opera haga <a href=\"http:\/\/help.opera.com\/Linux\/10.60\/es-ES\/cookies.html\" target=\"_blank\" rel=\"noopener noreferrer\">clic aqu\u00ed.<\/a><\/p>\n<p>Para m\u00e1s informaci\u00f3n sobre la configuraci\u00f3n de cookies en Android haga <a href=\"https:\/\/support.google.com\/chrome\/answer\/95647?co=GENIE.Platform\" target=\"_blank\" rel=\"noopener noreferrer\"> clic aqu\u00ed<\/a>.<\/p>\n<p>Para m\u00e1s informaci\u00f3n sobre la configuraci\u00f3n de cookies en BlackBerry haga <a href=\"http:\/\/global.blackberry.com\/es\/legal\/cookies.html\" target=\"_blank\" rel=\"noopener noreferrer\">clic aqu\u00ed.<\/a><\/p>\n<p>Para m\u00e1s informaci\u00f3n sobre la configuraci\u00f3n de cookies en Windows Phone haga <a href=\"https:\/\/support.microsoft.com\/es-es\/help\/17442\/windows-internet-explorer-delete-manage-cookies\" target=\"_blank\" rel=\"noopener noreferrer\">clic aqu\u00ed<\/a>.<\/p>\n<p>A su vez, esta <a href=\"https:\/\/www.iabspain.net\/wp-content\/uploads\/downloads\/2013\/04\/Guia_sobre_el_uso_de_las_cookies1.pdf\" target=\"_blank\" rel=\"noopener noreferrer\">gu\u00eda en l\u00ednea<\/a> contiene informaci\u00f3n completa sobre c\u00f3mo hacerlo en varios navegadores. El enlace contiene informaci\u00f3n sobre c\u00f3mo eliminar las cookies de su equipo y obtener m\u00e1s informaci\u00f3n general sobre las cookies.<\/p>\n<p>DIVE se reserva el derecho de modificar esta Pol\u00edtica de Cookies para adaptarla a la legislaci\u00f3n y\/o jurisprudencia futura aplicable, as\u00ed como a futuros usos de los datos personales de los Usuarios en el Sitio Web. En cualquier caso, se informar\u00e1 previamente a los Usuarios de cualquier cambio en la Pol\u00edtica de Cookies. Por lo tanto, se recomienda al Usuario leer detenidamente la Pol\u00edtica de Cookies cada vez que acceda al Sitio Web.<\/p>\n<p>Si tiene alguna pregunta o desea hacer alguna sugerencia o comentario sobre nuestra Pol\u00edtica de Cookies, puede contactar con TAGSONOMY, S.L. a trav\u00e9s de la siguiente direcci\u00f3n de correo electr\u00f3nico: [<a href=\"mailto:info@dive.tech\" target=\"_blank\" rel=\"noopener\">info@dive.tech<\/a>].<\/p>\n<p><b>Actualizado en noviembre de 2016<\/b><\/p>\n\n<p><\/p>\n","protected":false},"excerpt":{"rendered":"<p>Este sitio web utiliza cookies En cumplimiento de la Ley 34\/2002, de 11 de julio, de Servicios de la Sociedad de la Informaci\u00f3n y Comercio Electr\u00f3nico le informamos de que este sitio Web de cangasaventura.com al igual que la mayor\u00eda de los sitios en Internet, usa Cookies con el objetivo de prestar un mejor servicio [&hellip;]<\/p>\n","protected":false},"author":8,"featured_media":0,"parent":0,"menu_order":0,"comment_status":"closed","ping_status":"closed","template":"","meta":{"_acf_changed":false,"inline_featured_image":false,"footnotes":""},"class_list":["post-1313","page","type-page","status-publish","hentry"],"acf":[],"_links":{"self":[{"href":"https:\/\/dive.tech\/es\/wp-json\/wp\/v2\/pages\/1313","targetHints":{"allow":["GET"]}}],"collection":[{"href":"https:\/\/dive.tech\/es\/wp-json\/wp\/v2\/pages"}],"about":[{"href":"https:\/\/dive.tech\/es\/wp-json\/wp\/v2\/types\/page"}],"author":[{"embeddable":true,"href":"https:\/\/dive.tech\/es\/wp-json\/wp\/v2\/users\/8"}],"replies":[{"embeddable":true,"href":"https:\/\/dive.tech\/es\/wp-json\/wp\/v2\/comments?post=1313"}],"version-history":[{"count":3,"href":"https:\/\/dive.tech\/es\/wp-json\/wp\/v2\/pages\/1313\/revisions"}],"predecessor-version":[{"id":10454,"href":"https:\/\/dive.tech\/es\/wp-json\/wp\/v2\/pages\/1313\/revisions\/10454"}],"wp:attachment":[{"href":"https:\/\/dive.tech\/es\/wp-json\/wp\/v2\/media?parent=1313"}],"curies":[{"name":"wp","href":"https:\/\/api.w.org\/{rel}","templated":true}]}}