{"id":1315,"date":"2024-02-16T11:34:54","date_gmt":"2024-02-16T11:34:54","guid":{"rendered":"https:\/\/dive.tech\/?page_id=1315"},"modified":"2024-08-19T11:53:21","modified_gmt":"2024-08-19T11:53:21","slug":"politica-de-privacidad","status":"publish","type":"page","link":"https:\/\/dive.tech\/es\/politica-de-privacidad\/","title":{"rendered":"Pol\u00edtica de Privacidad"},"content":{"rendered":"<p>A menos que se indique espec\u00edficamente lo contrario, no se solicitan ni se requieren datos personales de los Usuarios y no se establece ning\u00fan proceso de registro mediante la incorporaci\u00f3n de formularios obligatorios en <strong>www.dive.tech<\/strong> (en adelante, el <strong>\u00abSitio Web\u00bb<\/strong>).<\/p>\n<p>En el caso de que se soliciten datos personales, de manera que la omisi\u00f3n de cualquiera de ellos pueda causar la imposibilidad de proporcionar los servicios solicitados y\/o atender sus solicitudes, en cumplimiento de lo dispuesto en el Reglamento (UE) 2016\/679 del Parlamento Europeo y del Consejo de 27 de abril de 2016 sobre la protecci\u00f3n de las personas f\u00edsicas en lo que respecta al tratamiento de datos personales y sobre la libre circulaci\u00f3n de estos datos, y derogando la Directiva 95\/46\/CE (en adelante, el \u00abGDPR\u00bb) y sus normas de desarrollo, le informamos que:<\/p>\n<p>Cualquier dato que nos proporcione bajo su registro en el Sitio Web, as\u00ed como aquellos derivados de la relaci\u00f3n comercial y\/o prestaci\u00f3n de servicios adquiridos a trav\u00e9s del mismo, se incorporar\u00e1n a un archivo debidamente registrado en el Registro General de la Agencia Espa\u00f1ola de Protecci\u00f3n de Datos, bajo la responsabilidad de TAGSONOMY, S.L. Ezcurdia 44 &#8211; Gij\u00f3n (Asturias), con n\u00famero de Identificaci\u00f3n Fiscal C.I.F. n\u00famero B-86.934.338 (en adelante, \u00abDIVE\u00bb). El prop\u00f3sito del tratamiento de datos es la prestaci\u00f3n de los servicios ofrecidos por DIVE en el Sitio Web, incluyendo el Servicio de Atenci\u00f3n al Cliente, asistencia para consultas y solicitudes de informaci\u00f3n, as\u00ed como la gesti\u00f3n de reclamaciones.<\/p>\n<p>En caso de que DIVE solicite al Usuario la posibilidad de que sus datos sean tratados para enviarle informaci\u00f3n comercial (incluyendo el bolet\u00edn electr\u00f3nico) sobre las actividades y servicios desarrollados por DIVE, las otras compa\u00f1\u00edas del Grupo DIVE, as\u00ed como empresas de terceros con las que DIVE pueda tener acuerdos comerciales y que puedan ofrecer sus productos y servicios a trav\u00e9s del Sitio Web, por correo, correo electr\u00f3nico, SMS o cualquier otro medio de comunicaci\u00f3n electr\u00f3nica equivalente, as\u00ed como para que sus datos sean tratados para llevar a cabo segmentaciones y\/o preparar perfiles con el mismo prop\u00f3sito promocional o publicitario, pero adaptados a su perfil como Usuario de los servicios del Grupo DIVE, DIVE proporcionar\u00e1 una casilla no preseleccionada para que el Usuario otorgue su consentimiento expreso. Puede encontrar informaci\u00f3n detallada y actualizada sobre las entidades que pertenecen a dicho Grupo en el siguiente enlace www.dive.tech.<\/p>\n<p>El Usuario podr\u00e1 ejercer en cualquier momento el derecho de acceso, rectificaci\u00f3n, cancelaci\u00f3n y oposici\u00f3n y revocar su consentimiento para el tratamiento comercial de sus datos. Para este prop\u00f3sito, el Usuario puede:<\/p>\n<p>Enviar una comunicaci\u00f3n escrita a TAGSONOMY, S.L. Dpto. Legal, Ezcurdia 44, bajo 33212 &#8211; Gij\u00f3n (Asturias), adjuntando una fotocopia de su documento de identidad o documento oficial que acredite su identidad.<\/p>\n<p>Enviar un correo electr\u00f3nico a <a title=\"info@dive.tech\" href=\"mailto:info@dive.tech\" target=\"_blank\" rel=\"noopener\"><strong>info@dive.tech<\/strong><\/a> indicando su Nombre, Apellidos, tel\u00e9fono de contacto y una fotocopia de su documento de identidad o documento oficial que acredite su identidad.<\/p>\n<p>Finalmente, le informamos que TAGSONOMY tratar\u00e1 sus datos de manera absolutamente confidencial y manteniendo el secreto obligatorio respecto de los mismos, de conformidad con lo dispuesto en la normativa aplicable, adoptando para ello las medidas t\u00e9cnicas y organizativas necesarias que garanticen la seguridad de sus datos y eviten su alteraci\u00f3n, p\u00e9rdida, tratamiento no autorizado o acceso, considerando el estado de la tecnolog\u00eda, la naturaleza de los datos almacenados y los riesgos a los que puedan estar expuestos.<\/p>\n","protected":false},"excerpt":{"rendered":"<p>A menos que se indique espec\u00edficamente lo contrario, no se solicitan ni se requieren datos personales de los Usuarios y no se establece ning\u00fan proceso de registro mediante la incorporaci\u00f3n de formularios obligatorios en www.dive.tech (en adelante, el \u00abSitio Web\u00bb). En el caso de que se soliciten datos personales, de manera que la omisi\u00f3n de [&hellip;]<\/p>\n","protected":false},"author":8,"featured_media":0,"parent":0,"menu_order":0,"comment_status":"closed","ping_status":"open","template":"","meta":{"_acf_changed":false,"inline_featured_image":false,"footnotes":""},"class_list":["post-1315","page","type-page","status-publish","hentry"],"acf":[],"_links":{"self":[{"href":"https:\/\/dive.tech\/es\/wp-json\/wp\/v2\/pages\/1315","targetHints":{"allow":["GET"]}}],"collection":[{"href":"https:\/\/dive.tech\/es\/wp-json\/wp\/v2\/pages"}],"about":[{"href":"https:\/\/dive.tech\/es\/wp-json\/wp\/v2\/types\/page"}],"author":[{"embeddable":true,"href":"https:\/\/dive.tech\/es\/wp-json\/wp\/v2\/users\/8"}],"replies":[{"embeddable":true,"href":"https:\/\/dive.tech\/es\/wp-json\/wp\/v2\/comments?post=1315"}],"version-history":[{"count":1,"href":"https:\/\/dive.tech\/es\/wp-json\/wp\/v2\/pages\/1315\/revisions"}],"predecessor-version":[{"id":9564,"href":"https:\/\/dive.tech\/es\/wp-json\/wp\/v2\/pages\/1315\/revisions\/9564"}],"wp:attachment":[{"href":"https:\/\/dive.tech\/es\/wp-json\/wp\/v2\/media?parent=1315"}],"curies":[{"name":"wp","href":"https:\/\/api.w.org\/{rel}","templated":true}]}}