{"id":1317,"date":"2024-02-23T11:45:56","date_gmt":"2024-02-23T11:45:56","guid":{"rendered":"https:\/\/dive.tech\/?page_id=1317"},"modified":"2026-02-25T15:32:28","modified_gmt":"2026-02-25T15:32:28","slug":"politica-de-calidad","status":"publish","type":"page","link":"https:\/\/dive.tech\/es\/politica-de-calidad\/","title":{"rendered":"Pol\u00edtica de Calidad"},"content":{"rendered":"\n<p><\/p>\n\n<p>Todas las actuaciones de quienes componemos TAGSONOMY S.L., en adelante DIVE, van<br\/>encaminadas a satisfacer las necesidades de nuestras partes interesadas con nuestros<br\/>servicios de Inteligencia Artificial los cuales comprenden el dise\u00f1o, desarrollo,<br\/>configuraci\u00f3n e instalaci\u00f3n de soluciones tecnol\u00f3gicas<\/p>\n\n<p>Para afianzar nuestro compromiso con la Calidad, la Organizaci\u00f3n ha decidido implantar un<br\/>sistema de Gesti\u00f3n de Calidad, conforme a la norma internacional UNE-EN-ISO 9001: 2015.<br\/>Esta implantaci\u00f3n implica el cumplimiento de requisitos reglamentarios y legales aplicables,<br\/>as\u00ed como con el compromiso de mejora continua.<\/p>\n\n<p>Concretamente, la Pol\u00edtica de Gesti\u00f3n de DIVE se define en:<\/p>\n\n<ul class=\"wp-block-list\">\n<li>Compromiso con el cliente para que disponga de las soluciones necesarias y adecuadas a<br\/>sus circunstancias, manteniendo el v\u00ednculo en el tiempo y fomentando la confianza en la<br\/>Calidad y Excelencia de nuestro trabajo.<\/li>\n\n\n\n<li>Asignaci\u00f3n eficaz de funciones y responsabilidades de forma que el concepto de calidad<br\/>est\u00e9 presente en todos los niveles y actividades.<\/li>\n\n\n\n<li>Concienciar y motivar al personal, sobre la importancia de la implantaci\u00f3n y desarrollo de<br\/>un Sistema de Gesti\u00f3n, garantizando su formaci\u00f3n para el correcto desempe\u00f1o de sus<br\/>actividades dentro de la organizaci\u00f3n.<\/li>\n\n\n\n<li>Implantar y mantener las medidas internas de gesti\u00f3n y control para cumplir con los<br\/>requisitos y mejorar continuamente la eficacia del sistema de Calidad y asegurar as\u00ed la<br\/>satisfacci\u00f3n de nuestros clientes.<\/li>\n<\/ul>\n\n<p>Considerando estas pautas, esta direcci\u00f3n reitera su m\u00e1s firme compromiso aunando<br\/>esfuerzos para el logro de estos objetivos, por lo que esta pol\u00edtica es entendida, implantada<br\/>y mantenida al d\u00eda en todos los niveles de la organizaci\u00f3n. <\/p>\n\n<p>Madrid, 02 de Enero de 2025<br\/><strong>La Direcci\u00f3n<\/strong><\/p>\n\n<p><\/p>\n","protected":false},"excerpt":{"rendered":"<p>Todas las actuaciones de quienes componemos TAGSONOMY S.L., en adelante DIVE, vanencaminadas a satisfacer las necesidades de nuestras partes interesadas con nuestrosservicios de Inteligencia Artificial los cuales comprenden el dise\u00f1o, desarrollo,configuraci\u00f3n e instalaci\u00f3n de soluciones tecnol\u00f3gicas Para afianzar nuestro compromiso con la Calidad, la Organizaci\u00f3n ha decidido implantar unsistema de Gesti\u00f3n de Calidad, conforme a [&hellip;]<\/p>\n","protected":false},"author":8,"featured_media":0,"parent":0,"menu_order":0,"comment_status":"closed","ping_status":"closed","template":"","meta":{"_acf_changed":false,"inline_featured_image":false,"footnotes":""},"class_list":["post-1317","page","type-page","status-publish","hentry"],"acf":[],"_links":{"self":[{"href":"https:\/\/dive.tech\/es\/wp-json\/wp\/v2\/pages\/1317","targetHints":{"allow":["GET"]}}],"collection":[{"href":"https:\/\/dive.tech\/es\/wp-json\/wp\/v2\/pages"}],"about":[{"href":"https:\/\/dive.tech\/es\/wp-json\/wp\/v2\/types\/page"}],"author":[{"embeddable":true,"href":"https:\/\/dive.tech\/es\/wp-json\/wp\/v2\/users\/8"}],"replies":[{"embeddable":true,"href":"https:\/\/dive.tech\/es\/wp-json\/wp\/v2\/comments?post=1317"}],"version-history":[{"count":2,"href":"https:\/\/dive.tech\/es\/wp-json\/wp\/v2\/pages\/1317\/revisions"}],"predecessor-version":[{"id":10789,"href":"https:\/\/dive.tech\/es\/wp-json\/wp\/v2\/pages\/1317\/revisions\/10789"}],"wp:attachment":[{"href":"https:\/\/dive.tech\/es\/wp-json\/wp\/v2\/media?parent=1317"}],"curies":[{"name":"wp","href":"https:\/\/api.w.org\/{rel}","templated":true}]}}