{"id":1320,"date":"2024-02-23T11:42:59","date_gmt":"2024-02-23T11:42:59","guid":{"rendered":"https:\/\/dive.tech\/?page_id=1320"},"modified":"2026-02-25T15:33:44","modified_gmt":"2026-02-25T15:33:44","slug":"terminos-de-uso","status":"publish","type":"page","link":"https:\/\/dive.tech\/es\/terminos-de-uso\/","title":{"rendered":"T\u00e9rminos de uso"},"content":{"rendered":"<p>La empresa TAGSONOMY, S.L., con oficinas registradas en <span style=\"font-weight: 400;\">Ezcurdia 44, bajo<\/span>, Gij\u00f3n, Asturias, con N\u00famero de Identificaci\u00f3n Fiscal N.I.F. B-86.934.338, registrada en el Registro Mercantil de Asturias, con n\u00famero de Registro 216, en el Tomo 4,109, P\u00e1gina 129, Secci\u00f3n 8, Hoja AS47432, Inscripci\u00f3n 1\u00aa (en adelante, \u00abDIVE\u00bb) es la propietaria del sitio web www.dive.tv (en adelante, \u00abSitio Web\u00bb).<\/p>\n<p>Direcci\u00f3n:<br \/>\n<span style=\"font-weight: 400;\">Ezcurdia 44, bajo<\/span><br \/>\n33212 \u2013 Gij\u00f3n, Asturias<br \/>\nTel. +34 91 429 33 46<br \/>\nEmail: <a href=\"mailto:lgpd@dive.tech\">info@dive.tech<\/a><\/p>\n<h6>1.- T\u00e9rminos Generales de Uso<\/h6>\n<p>El usuario accede voluntariamente a este Sitio Web, lo que implica que el usuario lo utilizar\u00e1 conforme a este aviso legal, la ley, la moral, la buena fe y\/o las buenas costumbres.<br \/>\nEl uso de este Sitio Web implica la aceptaci\u00f3n de este aviso legal.<br \/>\nLas p\u00e1ginas web de este Sitio Web pueden ser visitadas libremente por los usuarios.<br \/>\nDIVE se reserva el derecho de modificar, sin previo aviso, el contenido de este aviso legal, por lo que, para un correcto uso del Sitio Web, recomendamos visitar peri\u00f3dicamente esta secci\u00f3n.<\/p>\n<h6>2.- Propiedad intelectual e industrial<\/h6>\n<p>Los derechos de propiedad intelectual sobre los contenidos del Sitio Web, incluidos, entre otros, su texto, dise\u00f1o gr\u00e1fico, imagen comercial (marcas y nombres comerciales), programas inform\u00e1ticos subyacentes (incluyendo los c\u00f3digos fuente) y bases de datos, as\u00ed como los diferentes elementos que componen el Sitio Web y permiten su funcionamiento, son propiedad de DIVE o, en su caso, DIVE cuenta con la licencia o derecho de uso de los mismos de sus titulares. Todos los contenidos del Sitio Web est\u00e1n debidamente protegidos por las normativas de derechos de propiedad intelectual y\/o industrial vigentes.<\/p>\n<p>El uso del Sitio Web por parte del usuario no implica la cesi\u00f3n de ning\u00fan derecho de propiedad intelectual y\/o industrial sobre los diferentes elementos o contenidos del Sitio Web. Independientemente del prop\u00f3sito para el cual se utilicen, la reproducci\u00f3n total o parcial, uso, explotaci\u00f3n, distribuci\u00f3n, comunicaci\u00f3n p\u00fablica, transformaci\u00f3n, disponibilidad, extracci\u00f3n y\/o comercializaci\u00f3n de los elementos y contenidos del Sitio Web requerir\u00e1 la autorizaci\u00f3n previa y por escrito de DIVE. Cualquier uso no autorizado previamente por DIVE implicar\u00e1 una infracci\u00f3n grave de los derechos de propiedad intelectual y\/o industrial de sus titulares.. La reproducci\u00f3n o cualquier uso de los elementos o contenidos del Sitio Web con fines lucrativos o comerciales est\u00e1 expresamente y absolutamente prohibida.<\/p>\n<p>Puede enviarnos cualquier comentario sobre posibles infracciones de los derechos de propiedad intelectual y\/o industrial o de cualquiera de los contenidos del Sitio Web a nuestro correo electr\u00f3nico de contacto info@dive.tech.<\/p>\n<h6>3.- Limitaci\u00f3n de Responsabilidad<\/h6>\n<p>DIVE se reserva el derecho de interrumpir el acceso al Sitio Web, as\u00ed como la prestaci\u00f3n de cualquier servicio a trav\u00e9s del Sitio Web en cualquier momento y sin previo aviso, ya sea por motivos t\u00e9cnicos, de seguridad, mantenimiento o por cualquier otra causa.<br \/>\nDIVE no ser\u00e1 responsable de ninguna interrupci\u00f3n del servicio, retraso o mal funcionamiento u otros inconvenientes que puedan surgir por causas ajenas al control de DIVE y\/o que sean debidos a una acci\u00f3n fraudulenta o negligente del usuario y\/o eventos de fuerza mayor.<br \/>\nLa informaci\u00f3n contenida en este Sitio Web puede no ser correcta a pesar de los esfuerzos realizados para su exactitud y actualizaci\u00f3n. Por lo tanto, DIVE no ser\u00e1 responsable de ning\u00fan error en sus contenidos o de cualquier da\u00f1o derivado de su uso.<br \/>\nEste Sitio Web puede contener enlaces a otros sitios web sobre cuyos contenidos, utilidad o exactitud DIVE no se responsabiliza. La incorporaci\u00f3n de cualquier enlace en este Sitio Web no puede considerarse como una recomendaci\u00f3n para que los usuarios los utilicen, siendo esta decisi\u00f3n responsabilidad de los usuarios.<br \/>\nDIVE no ser\u00e1 responsable de ning\u00fan da\u00f1o derivado del uso de este Sitio Web o de sus contenidos, por lo que no garantiza la ausencia de virus o la imposibilidad de causar da\u00f1os al sistema inform\u00e1tico del usuario.<br \/>\nDIVE no asume ninguna responsabilidad por cualquier uso indebido de este Sitio Web.<\/p>\n<h6>4.- Ley aplicable y tribunales competentes<\/h6>\n<p>Las condiciones de este Sitio Web y las relaciones entre el usuario y DIVE se regir\u00e1n por la ley espa\u00f1ola.<br \/>\nPara la resoluci\u00f3n de cualquier discrepancia que pueda surgir entre el usuario y DIVE, las partes se someten a los Tribunales y Juzgados competentes de acuerdo con la legislaci\u00f3n aplicable.<\/p>\n","protected":false},"excerpt":{"rendered":"<p>La empresa TAGSONOMY, S.L., con oficinas registradas en Ezcurdia 44, bajo, Gij\u00f3n, Asturias, con N\u00famero de Identificaci\u00f3n Fiscal N.I.F. B-86.934.338, registrada en el Registro Mercantil de Asturias, con n\u00famero de Registro 216, en el Tomo 4,109, P\u00e1gina 129, Secci\u00f3n 8, Hoja AS47432, Inscripci\u00f3n 1\u00aa (en adelante, \u00abDIVE\u00bb) es la propietaria del sitio web www.dive.tv (en [&hellip;]<\/p>\n","protected":false},"author":8,"featured_media":0,"parent":0,"menu_order":0,"comment_status":"closed","ping_status":"closed","template":"","meta":{"_acf_changed":false,"inline_featured_image":false,"footnotes":""},"class_list":["post-1320","page","type-page","status-publish","hentry"],"acf":[],"_links":{"self":[{"href":"https:\/\/dive.tech\/es\/wp-json\/wp\/v2\/pages\/1320","targetHints":{"allow":["GET"]}}],"collection":[{"href":"https:\/\/dive.tech\/es\/wp-json\/wp\/v2\/pages"}],"about":[{"href":"https:\/\/dive.tech\/es\/wp-json\/wp\/v2\/types\/page"}],"author":[{"embeddable":true,"href":"https:\/\/dive.tech\/es\/wp-json\/wp\/v2\/users\/8"}],"replies":[{"embeddable":true,"href":"https:\/\/dive.tech\/es\/wp-json\/wp\/v2\/comments?post=1320"}],"version-history":[{"count":1,"href":"https:\/\/dive.tech\/es\/wp-json\/wp\/v2\/pages\/1320\/revisions"}],"predecessor-version":[{"id":9565,"href":"https:\/\/dive.tech\/es\/wp-json\/wp\/v2\/pages\/1320\/revisions\/9565"}],"wp:attachment":[{"href":"https:\/\/dive.tech\/es\/wp-json\/wp\/v2\/media?parent=1320"}],"curies":[{"name":"wp","href":"https:\/\/api.w.org\/{rel}","templated":true}]}}